{"id":302,"date":"2023-02-08T14:35:19","date_gmt":"2023-02-08T13:35:19","guid":{"rendered":"https:\/\/mindemosida.se\/?page_id=7"},"modified":"2023-02-08T14:35:19","modified_gmt":"2023-02-08T13:35:19","slug":"kalender","status":"publish","type":"page","link":"https:\/\/demo1.billigforetagshemsida.se\/?page_id=302","title":{"rendered":"Kalender"},"content":{"rendered":"<div class=\"gb-container gb-container-d4568164\">\n<div class=\"gb-container gb-container-91a8bca2\">\n\n<h3 class=\"gb-headline gb-headline-5aa3976c gb-headline-text\"><strong>S\u00e4llskapets tillika Stiftelsens kalender f\u00f6r 2025<\/strong><\/h3>\n\n\n\n<figure class=\"wp-block-table is-style-regular\"><table><tbody><tr><td>Onsdagen den 14 januari&nbsp;2026<\/td><td>Allm\u00e4nt M\u00f6te&nbsp;<br>Grand Palais, Hotel Pigalle<\/td><\/tr><tr><td>Onsdagen den&nbsp;11 mars 2026<\/td><td>\u00c5rsm\u00f6te&nbsp;<br>Grand Palais, Hotel Pigalle<\/td><\/tr><tr><td>Torsdagen den 11 juni 2026<\/td><td>Sk\u00e4rg\u00e5rdstur \u00c5ngaren<br>Bohusl\u00e4n<\/td><\/tr><tr><td>Torsdagen den 26 november 2026<\/td><td>Allm\u00e4nt M\u00f6te&nbsp;<br>Grand Palais, Hotel Pigalle<\/td><\/tr><\/tbody><\/table><\/figure>\n\n\n\n<p>Kallelse till allm\u00e4nna m\u00f6ten sker via kallelsekort senast 14 dagar innan till medlems registrerade e-postadress eller i det fall detta saknas, till medlems folkbokf\u00f6ringsadress.<\/p>\n\n\n\n<p><strong>Anm\u00e4lan till m\u00f6te sker senast \u00e5tta dagar innan, se kontaktuppgifter&nbsp;<em><a data-type=\"page\" data-id=\"26\" href=\"https:\/\/demo1.billigforetagshemsida.se\/?page_id=26\">h\u00e4r<\/a><\/em>.<\/strong><\/p>\n\n<\/div>\n<\/div>","protected":false},"excerpt":{"rendered":"<p>S\u00e4llskapets tillika Stiftelsens kalender f\u00f6r 2025 Onsdagen den 14 januari&nbsp;2026 Allm\u00e4nt M\u00f6te&nbsp;Grand Palais, Hotel Pigalle Onsdagen den&nbsp;11 mars 2026 \u00c5rsm\u00f6te&nbsp;Grand &#8230; <\/p>\n<p class=\"read-more-container\"><a title=\"Kalender\" class=\"read-more button\" href=\"https:\/\/demo1.billigforetagshemsida.se\/?page_id=302#more-302\" aria-label=\"L\u00e4s mer om Kalender\">Read more<\/a><\/p>\n","protected":false},"author":1,"featured_media":0,"parent":0,"menu_order":0,"comment_status":"closed","ping_status":"closed","template":"","meta":{"footnotes":""},"class_list":{"0":"post-302","1":"page","2":"type-page","3":"status-publish","5":"infinite-scroll-item","6":"no-featured-image-padding"},"_links":{"self":[{"href":"https:\/\/demo1.billigforetagshemsida.se\/index.php?rest_route=\/wp\/v2\/pages\/302","targetHints":{"allow":["GET"]}}],"collection":[{"href":"https:\/\/demo1.billigforetagshemsida.se\/index.php?rest_route=\/wp\/v2\/pages"}],"about":[{"href":"https:\/\/demo1.billigforetagshemsida.se\/index.php?rest_route=\/wp\/v2\/types\/page"}],"author":[{"embeddable":true,"href":"https:\/\/demo1.billigforetagshemsida.se\/index.php?rest_route=\/wp\/v2\/users\/1"}],"replies":[{"embeddable":true,"href":"https:\/\/demo1.billigforetagshemsida.se\/index.php?rest_route=%2Fwp%2Fv2%2Fcomments&post=302"}],"version-history":[{"count":0,"href":"https:\/\/demo1.billigforetagshemsida.se\/index.php?rest_route=\/wp\/v2\/pages\/302\/revisions"}],"wp:attachment":[{"href":"https:\/\/demo1.billigforetagshemsida.se\/index.php?rest_route=%2Fwp%2Fv2%2Fmedia&parent=302"}],"curies":[{"name":"wp","href":"https:\/\/api.w.org\/{rel}","templated":true}]}}