{"id":29,"date":"2023-02-09T10:12:17","date_gmt":"2023-02-09T09:12:17","guid":{"rendered":"https:\/\/mindemosida.se\/?page_id=29"},"modified":"2023-02-09T10:12:17","modified_gmt":"2023-02-09T09:12:17","slug":"startsida","status":"publish","type":"page","link":"https:\/\/demo1.billigforetagshemsida.se\/","title":{"rendered":"Startsida"},"content":{"rendered":"<div class=\"gb-container gb-container-9697fe81 HomeBorder\">\n<div class=\"gb-container gb-container-bc267744\"><\/div>\n\n<div class=\"gb-container gb-container-ded33bbf\">\n\n<p class=\"gb-headline gb-headline-072ec1d1 gb-headline-text\">Ett s\u00e4llskap vars medlemmar \u00e4r <br>bef\u00e4lhavare eller styrman <br>p\u00e5 maskindrivet fartyg eller <br>som har f\u00f6rt bef\u00e4l p\u00e5 detsamma. <br>S\u00e4llskapets \u00e4ndam\u00e5l \u00e4r att&nbsp;\u00e5stadkomma <br>en n\u00e4rmare&nbsp;sammanslutning mellan medlemmarna, <br>att giva medlemmar r\u00e5d och upplysningar <br>i fr\u00e5gor som r\u00f6ra seglationen samt <br>att i \u00f6vrigt verka f\u00f6r sj\u00f6fartens b\u00e4sta.<\/p>\n\n\n\n<figure class=\"gb-block-image gb-block-image-e1d6903f\"><img loading=\"lazy\" decoding=\"async\" width=\"250\" height=\"250\" class=\"gb-image gb-image-e1d6903f\" src=\"https:\/\/demo1.billigforetagshemsida.se\/wp-content\/uploads\/2024\/05\/Ankare-med-tamp@250.png\" alt=\"\" title=\"Ankare-med-tamp@250\" srcset=\"https:\/\/demo1.billigforetagshemsida.se\/wp-content\/uploads\/2024\/05\/Ankare-med-tamp@250.png 250w, https:\/\/demo1.billigforetagshemsida.se\/wp-content\/uploads\/2024\/05\/Ankare-med-tamp@250-150x150.png 150w\" sizes=\"auto, (max-width: 250px) 100vw, 250px\" \/><\/figure>\n\n<\/div>\n<\/div>","protected":false},"excerpt":{"rendered":"<p>Ett s\u00e4llskap vars medlemmar \u00e4r bef\u00e4lhavare eller styrman p\u00e5 maskindrivet fartyg eller som har f\u00f6rt bef\u00e4l p\u00e5 detsamma. S\u00e4llskapets \u00e4ndam\u00e5l &#8230; <\/p>\n<p class=\"read-more-container\"><a title=\"Startsida\" class=\"read-more button\" href=\"https:\/\/demo1.billigforetagshemsida.se\/#more-29\" aria-label=\"L\u00e4s mer om Startsida\">Read more<\/a><\/p>\n","protected":false},"author":1,"featured_media":0,"parent":0,"menu_order":0,"comment_status":"closed","ping_status":"closed","template":"","meta":{"footnotes":""},"class_list":{"0":"post-29","1":"page","2":"type-page","3":"status-publish","5":"infinite-scroll-item","6":"no-featured-image-padding"},"_links":{"self":[{"href":"https:\/\/demo1.billigforetagshemsida.se\/index.php?rest_route=\/wp\/v2\/pages\/29","targetHints":{"allow":["GET"]}}],"collection":[{"href":"https:\/\/demo1.billigforetagshemsida.se\/index.php?rest_route=\/wp\/v2\/pages"}],"about":[{"href":"https:\/\/demo1.billigforetagshemsida.se\/index.php?rest_route=\/wp\/v2\/types\/page"}],"author":[{"embeddable":true,"href":"https:\/\/demo1.billigforetagshemsida.se\/index.php?rest_route=\/wp\/v2\/users\/1"}],"replies":[{"embeddable":true,"href":"https:\/\/demo1.billigforetagshemsida.se\/index.php?rest_route=%2Fwp%2Fv2%2Fcomments&post=29"}],"version-history":[{"count":0,"href":"https:\/\/demo1.billigforetagshemsida.se\/index.php?rest_route=\/wp\/v2\/pages\/29\/revisions"}],"wp:attachment":[{"href":"https:\/\/demo1.billigforetagshemsida.se\/index.php?rest_route=%2Fwp%2Fv2%2Fmedia&parent=29"}],"curies":[{"name":"wp","href":"https:\/\/api.w.org\/{rel}","templated":true}]}}