{"id":267,"date":"2023-03-08T20:19:16","date_gmt":"2023-03-08T19:19:16","guid":{"rendered":"https:\/\/mindemosida.se\/?page_id=267"},"modified":"2023-03-08T20:19:16","modified_gmt":"2023-03-08T19:19:16","slug":"stadgar-stiftelsen","status":"publish","type":"page","link":"https:\/\/demo1.billigforetagshemsida.se\/?page_id=267","title":{"rendered":"Stadgar Stiftelsen"},"content":{"rendered":"<div class=\"gb-container gb-container-1bc77384\">\n<div class=\"gb-container gb-container-47b9baa6\">\n\n<h2 class=\"gb-headline gb-headline-0c972e76 gb-headline-text\">Stadgar<\/h2>\n\n\n\n<p class=\"has-text-align-center\"><strong>Antagna i mars 2020<\/strong><\/p>\n\n\n\n<p class=\"has-text-align-center\"><strong>\u00a7 1<\/strong><\/p>\n\n\n\n<p>Denna stiftelses ben\u00e4mning \u00e4r Stiftelsen Kanalflottans \u00c5ngfartygs-Bef\u00e4lhafvare S\u00e4llskaps Underst\u00f6dsfond. Stiftelsen \u00e4r bildad enligt 1929 \u00e5rs lag om tillsyn \u00f6ver stiftelser. Den st\u00e5r under tillsyn av L\u00e4nsstyrelsen i V\u00e4stra G\u00f6talands l\u00e4n.<\/p>\n\n\n\n<p class=\"has-text-align-center\"><strong>\u00a7 2<\/strong><\/p>\n\n\n\n<p>Av Stiftelsens \u00e5rliga avkastning skall minst 10 % l\u00e4ggas till kapitalet. Resterande medel skall anv\u00e4ndas f\u00f6r \u00e4ndam\u00e5l som fr\u00e4mjar aktiva och passiva medlemmar i Kanalflottans \u00c5ngfartygsBef\u00e4lhafvare S\u00e4llskap samt aktiva medlemmars efterlevande. H\u00e4rvidlag skall f\u00f6rst och fr\u00e4mst Stiftelsens begravningshj\u00e4lp till d\u00f6dsboet efter avliden aktiv medlem samt Stiftelsens tillf\u00e4lliga underst\u00f6d till beh\u00f6vande aktiv medlem eller hans \u00e4nka eller hans efterlevande sambo eller minder\u00e5riga barn tillgodoses. F\u00f6r den h\u00e4ndelse att Stiftelsens \u00f6verskott s\u00e5 medger kan styrelsen d\u00e4refter besluta om att p\u00e5 annat v\u00e4lg\u00f6rande och hj\u00e4lpande s\u00e4tt ytterligare fr\u00e4mja aktiva och passiva medlemmar samt aktiva medlemmars efterlevande. Finns d\u00e4refter tillr\u00e4ckligt \u00f6verskott kan styrelsen besluta att betala begravningshj\u00e4lp till d\u00f6dsboet efter aktiv medlems avlidna maka eller sambo.<\/p>\n\n\n\n<p class=\"has-text-align-center\"><strong>\u00a7 3<\/strong><\/p>\n\n\n\n<p>Till d\u00f6dsboet efter avliden aktiv medlem, som tillh\u00f6rt S\u00e4llskapet i minst tre \u00e5r och som under hela sin medlemstid erlagt stadgade medlemsavgifter, utbetalas begravningshj\u00e4lp med ett belopp motsvarande h\u00f6gst tv\u00e5 prisbasbelopp enligt lagen (1962:381) om allm\u00e4n f\u00f6rs\u00e4kring. F\u00f6ruts\u00e4ttning f\u00f6r s\u00e5dan utbetalning \u00e4r att \u00e4ktenskapet eller sambof\u00f6rh\u00e5llandet varat i minst tre \u00e5r, att medlemmen tillh\u00f6rt S\u00e4llskapet i minst tre \u00e5r och att medlemmen under hela sin tid erlagt stadgade medlemsavgifter. Framst\u00e4llning om erh\u00e5llande av begravningshj\u00e4lp skall g\u00f6ras till ordf\u00f6randen i Stiftelsens styrelse, eller vid f\u00f6rfall f\u00f6r honom, till annan medlem i styrelsen inom sex m\u00e5nader fr\u00e5n d\u00f6dsfallet. \u00d6vriga utbetalningar sker efter pr\u00f6vning av Stiftelsens styrelse.<\/p>\n\n\n\n<p class=\"has-text-align-center\"><strong>\u00a7 4<\/strong><\/p>\n\n\n\n<p>D\u00e5 medel tillfalla Stiftelsen och vid desamma \u00e4r s\u00e4rskilt villkor f\u00e4stat, skall s\u00e5dant l\u00e4nda till efterr\u00e4ttelse. Finnes icke dylikt villkor, best\u00e4mmer styrelsen huru medlen skola f\u00f6rdelas p\u00e5 Stiftelsens fonder.<\/p>\n\n\n\n<p class=\"has-text-align-center\"><strong>\u00a7 5<\/strong><\/p>\n\n\n\n<p>Stiftelsens styrelse, som har sitt s\u00e4te i G\u00f6teborg, skall utg\u00f6ras av S\u00e4llskapets styrelse, och skall styrelsesuppleant i S\u00e4llskapet vara styrelsesuppleant i Stiftelsen. Ordf\u00f6rande och vice ordf\u00f6rande i S\u00e4llskapets styrelse skall vara respektive ordf\u00f6rande och vice ordf\u00f6rande i Stiftelsens styrelse.<\/p>\n\n\n\n<p class=\"has-text-align-center\"><strong>\u00a7 6<\/strong><\/p>\n\n\n\n<p>N\u00e4r minst tre styrelseledam\u00f6ter \u00e4r tillst\u00e4des kunna Stiftelsens angel\u00e4genheter avhandlas och beslut fattas utom i de fall, d\u00e5 utl\u00e5ning eller placering av Stiftelsens medel \u00e4r i fr\u00e5ga. I dylika fall skola minst fyra av styrelsens medlemmar vara n\u00e4rvarande och om beslutet ense.<\/p>\n\n\n\n<p class=\"has-text-align-center\"><strong>\u00a7 7<\/strong><\/p>\n\n\n\n<p>S\u00e4llskapets tv\u00e5 revisorer j\u00e4mte suppleant f\u00f6r dem skola vara revisorer respektive suppleant i Stiftelsen, och skola de granska r\u00e4kenskaperna och f\u00f6rvaltningen f\u00f6r det l\u00f6pande \u00e5ret.<\/p>\n\n\n\n<p class=\"has-text-align-center\"><strong>\u00a7 8<\/strong><\/p>\n\n\n\n<p>Styrelsen, vars medlemmar ansvara en f\u00f6r alla och alla f\u00f6r en f\u00f6r Stiftelsens medel och dess r\u00e4kenskapers ordentliga f\u00f6rande, har till skyldigheter:<\/p>\n\n\n\n<p>1:o) att av Stiftelsens medel bestrida n\u00f6diga och nyttiga kostnader f\u00f6r Stiftelsen;<br>2:o) att avg\u00f6ra fr\u00e5gor om begravningshj\u00e4lp, varom framst\u00e4llning inkommit, innefattande \u00e4ven den ordning, i vilken utbetalning skall ske;<br>3:o) att avg\u00f6ra fr\u00e5gor om tillf\u00e4lliga underst\u00f6d, varom framst\u00e4llning inkommit, innefattande \u00e4ven den ordning, i vilken utbetalning skall ske;<br>4:o) att i allt \u00f6vrigt fullg\u00f6ra de funktioner vilka icke enligt dessa stadgar eller vederb\u00f6rligt styrelsebeslut \u00e5vilar annan. Styrelsens medlemmar \u00e4ga ej \u00e5tnjuta arvode utan att S\u00e4llskapet \u00e5 allm\u00e4nt sammantr\u00e4de d\u00e4rom fattat beslut.<\/p>\n\n\n\n<p class=\"has-text-align-center\"><strong>\u00a7 9<\/strong><\/p>\n\n\n\n<p>Sekreteraren \u00e5ligger:<\/p>\n\n\n\n<p>1:o) att f\u00f6ra protokoll vid Stiftelsens och styrelsens sammantr\u00e4den;<br>2:o) att \u00e5 l\u00e4mpligt st\u00e4lle f\u00f6rvara alla ankomna skrivelser samt avskrifter av avl\u00e5tna s\u00e5dana, och<br>3:o) att vid Stiftelsens och styrelsens sammantr\u00e4den tillhandah\u00e5lla ett exemplar av dessa stadgar.<\/p>\n\n\n\n<p class=\"has-text-align-center\"><strong>\u00a7 10<\/strong><\/p>\n\n\n\n<p>Kass\u00f6ren \u00e5ligger:<\/p>\n\n\n\n<p>1:o) att \u00f6ver Stiftelsens medel f\u00f6ra ordentlig kassabok samt d\u00e4rj\u00e4mte dagbok \u00f6ver in- och utg\u00e5ende medel;<br>2:o) att varje \u00e5r, sedan revisionsber\u00e4ttelsen avgivits, skyndsamt l\u00e5ta m\u00e5ngfaldiga densamma och d\u00e4rav utdela ett exemplar till var och en av S\u00e4llskapets medlemmar.<\/p>\n\n\n\n<p class=\"has-text-align-center\"><strong>\u00a7 11<\/strong><\/p>\n\n\n\n<p>Alla utbetalningar av begravningshj\u00e4lp och tillf\u00e4lliga underst\u00f6d fr\u00e5n Stiftelsen skola ske via S\u00e4llskapet. Alla utanordningar av medel ur bank skola ske genom kass\u00f6ren och attesteras av ordf\u00f6randen \u00e4vensom en medlem av styrelsen.<\/p>\n\n\n\n<p class=\"has-text-align-center\"><strong>\u00a7 12<\/strong><\/p>\n\n\n\n<p>Revisorerna \u00e5ligger:<\/p>\n\n\n\n<p>att noga granska r\u00e4kenskaperna f\u00f6r den tid revisionen avser och d\u00e4r\u00f6ver avgiva ber\u00e4ttelse. Ber\u00e4ttelsen skall inneh\u00e5lla tillstyrkande eller avstyrkande av ansvarsfrihet f\u00f6r styrelsen f\u00f6r Stiftelsens f\u00f6rvaltning.<\/p>\n\n\n\n<p class=\"has-text-align-center\"><strong>\u00a7 13<\/strong><\/p>\n\n\n\n<p>Revisorernas ber\u00e4ttelse skall framl\u00e4ggas vid det sammantr\u00e4de i S\u00e4llskapet, som h\u00e5lles i mars m\u00e5nad varje \u00e5r, och beslutas d\u00e5 av S\u00e4llskapet, om ansvarsfrihet b\u00f6r beviljas styrelsen f\u00f6r Stiftelsen.<\/p>\n\n\n\n<p class=\"has-text-align-center\"><strong>\u00a7 14<\/strong><\/p>\n\n\n\n<p>V\u00e4ckt f\u00f6rslag till \u00e4ndring av stadgarna eller uppl\u00f6sning av Stiftelsen kan avg\u00f6ras f\u00f6rst sedan diskussion d\u00e4rom f\u00f6revarit p\u00e5 tv\u00e5 p\u00e5 varandra f\u00f6ljande sammantr\u00e4den i S\u00e4llskapet, och beslut d\u00e4rom kan endast fattas vid i \u00a713 angivet sammantr\u00e4de. F\u00f6r s\u00e5dan \u00e4ndring eller uppl\u00f6sning fordras minst 3\/4 av de avgivna r\u00f6sterna.<\/p>\n\n\n\n<p class=\"has-text-align-center\"><strong>\u00a7 15<\/strong><\/p>\n\n\n\n<p>\u00c4ndring av dessa stadgar m\u00e5 dock ej avse \u00e4ndring av de best\u00e4mmelser, som avse Stiftelsens \u00e4ndam\u00e5l eller anv\u00e4ndandet av Stiftelsens tillg\u00e5ngar i fall av dess uppl\u00f6sning.<\/p>\n\n\n\n<p class=\"has-text-align-center\"><strong>\u00a7 16<\/strong><\/p>\n\n\n\n<p>Vid Stiftelsens uppl\u00f6sning skola dess tillg\u00e5ngar tilldelas, antingen n\u00e5gon vid sagda tidpunkt befintlig eller n\u00e5gon f\u00f6r \u00e4ndam\u00e5let nyinr\u00e4ttad stiftelse, v\u00e4lg\u00f6renhetsinr\u00e4ttning eller d\u00e4rmed j\u00e4mst\u00e4lld fond, vars \u00e4ndam\u00e5l i m\u00f6jligaste m\u00e5n \u00f6verensst\u00e4mmer med denna stiftelses \u00e4ndam\u00e5l och skall d\u00e4rvid best\u00e4mmas, att medlen skall anv\u00e4ndas till f\u00f6rm\u00e5n f\u00f6r kanalfartens ut\u00f6vare samt f\u00f6rutvarande medlemmar av S\u00e4llskapet eller \u00e4nkor eller barn efter s\u00e5dana medlemmar skall i f\u00f6rsta rummet vara ber\u00e4ttigade till erh\u00e5llandet av underst\u00f6d.<\/p>\n\n\n\n<p class=\"has-text-align-center\"><strong>\u00a7 17<\/strong><\/p>\n\n\n\n<p>Utom S\u00e4llskapet st\u00e5ende personer m\u00e5 ej erh\u00e5lla del av s\u00e5dana styrelsens beslut, som r\u00f6ra enskild person<\/p>\n\n<\/div>\n<\/div>","protected":false},"excerpt":{"rendered":"<p>Stadgar Antagna i mars 2020 \u00a7 1 Denna stiftelses ben\u00e4mning \u00e4r Stiftelsen Kanalflottans \u00c5ngfartygs-Bef\u00e4lhafvare S\u00e4llskaps Underst\u00f6dsfond. Stiftelsen \u00e4r bildad enligt &#8230; <\/p>\n<p class=\"read-more-container\"><a title=\"Stadgar Stiftelsen\" class=\"read-more button\" href=\"https:\/\/demo1.billigforetagshemsida.se\/?page_id=267#more-267\" aria-label=\"L\u00e4s mer om Stadgar Stiftelsen\">Read more<\/a><\/p>\n","protected":false},"author":1,"featured_media":0,"parent":0,"menu_order":0,"comment_status":"closed","ping_status":"closed","template":"","meta":{"footnotes":""},"class_list":{"0":"post-267","1":"page","2":"type-page","3":"status-publish","5":"infinite-scroll-item","6":"no-featured-image-padding"},"_links":{"self":[{"href":"https:\/\/demo1.billigforetagshemsida.se\/index.php?rest_route=\/wp\/v2\/pages\/267","targetHints":{"allow":["GET"]}}],"collection":[{"href":"https:\/\/demo1.billigforetagshemsida.se\/index.php?rest_route=\/wp\/v2\/pages"}],"about":[{"href":"https:\/\/demo1.billigforetagshemsida.se\/index.php?rest_route=\/wp\/v2\/types\/page"}],"author":[{"embeddable":true,"href":"https:\/\/demo1.billigforetagshemsida.se\/index.php?rest_route=\/wp\/v2\/users\/1"}],"replies":[{"embeddable":true,"href":"https:\/\/demo1.billigforetagshemsida.se\/index.php?rest_route=%2Fwp%2Fv2%2Fcomments&post=267"}],"version-history":[{"count":0,"href":"https:\/\/demo1.billigforetagshemsida.se\/index.php?rest_route=\/wp\/v2\/pages\/267\/revisions"}],"wp:attachment":[{"href":"https:\/\/demo1.billigforetagshemsida.se\/index.php?rest_route=%2Fwp%2Fv2%2Fmedia&parent=267"}],"curies":[{"name":"wp","href":"https:\/\/api.w.org\/{rel}","templated":true}]}}