{"id":24,"date":"2023-02-09T10:10:06","date_gmt":"2023-02-09T09:10:06","guid":{"rendered":"https:\/\/mindemosida.se\/?page_id=24"},"modified":"2023-02-09T10:10:06","modified_gmt":"2023-02-09T09:10:06","slug":"stiftelsen","status":"publish","type":"page","link":"https:\/\/demo1.billigforetagshemsida.se\/?page_id=24","title":{"rendered":"Stiftelsen"},"content":{"rendered":"<div class=\"gb-container gb-container-5c9d96a8\">\n<div class=\"gb-container gb-container-60704802\">\n<div class=\"gb-container gb-container-ee234b3d\">\n\n<p class=\"gb-headline gb-headline-23172ea3 gb-headline-text\">Till d\u00f6dsboet efter aktiv medlem, som tillh\u00f6rt s\u00e4llskapet i minst tre \u00e5r och som under sin livstid erlagt stadgade medlemsavgifter, utbetalas fr\u00e5n Stiftelsen\u00a0till efterlevande maka\/make\/sambo och\/eller barn\u00a0en begravningshj\u00e4lp med ett belopp motsvarande h\u00f6gst tv\u00e5 prisbasbelopp.<\/p>\n\n\n\n<p><em>Ans\u00f6kan om\u00a0erh\u00e5llande av\u00a0begravningshj\u00e4lp skall g\u00f6ras skriftligen till Stiftelsens Ordf\u00f6rande inom sex m\u00e5nader fr\u00e5n d\u00f6dsfallet. Tillsammans med ans\u00f6kan skall ett d\u00f6dsfallsintyg\u00a0inkluderat en fullst\u00e4ndig sl\u00e4ktutredning\u00a0utf\u00e4rdat av Skatteverket\u00a0samt intyg avseende kontouppgifter till d\u00f6dsboet utf\u00e4rdat fr\u00e5n bank\u00a0bifogas.<\/em><\/p>\n\n\n\n<p>Stiftelsen delar varje \u00e5r ut ett underst\u00f6d i form av en julg\u00e5va (Veteranpremie) till S\u00e4llskapets medlemmar vilka uppn\u00e5tt en \u00e5lder av 65 \u00e5r samt varit medlemmar i minst 25 \u00e5r.<\/p>\n\n\n\n<p>Stiftelsen delar \u00e4ven varje \u00e5r ut ett underst\u00f6d i form av en julg\u00e5va till efterlevande\u00a0maka\/make\/sambo\u00a0till aktiva medlemmar vilka var medlemmar i S\u00e4llskapet i minst tre \u00e5r vid tiden f\u00f6r fr\u00e5nf\u00e4llet.<\/p>\n\n\n\n<p><em>Ans\u00f6kan om\u00a0erh\u00e5llande av\u00a0underst\u00f6d skall g\u00f6ras skriftligen till Stiftelsens Ordf\u00f6rande senast sista oktober varje \u00e5r.<\/em><\/p>\n\n\n\n<p><strong>Ans\u00f6kan g\u00e4llande begravningshj\u00e4lp samt underst\u00f6d st\u00e4lls till<\/strong><\/p>\n\n\n\n<p>Stiftelsen Kanalflottans \u00c5ngfartygs-Bef\u00e4lhafvare S\u00e4llskaps Underst\u00f6dsfond<\/p>\n\n\n\n<p><strong>Bertil Hammargren<\/strong><br>Hov\u00e5s Mullb\u00e4rsg\u00e5ng 9<br>436 54 HOV\u00c5S <br>E-post: <a href=\"mailto:ordforande@kanalflottan.se\">ordforande@kanalflottan.se<\/a><\/p>\n\n<\/div>\n<\/div>\n<\/div>","protected":false},"excerpt":{"rendered":"<p>Till d\u00f6dsboet efter aktiv medlem, som tillh\u00f6rt s\u00e4llskapet i minst tre \u00e5r och som under sin livstid erlagt stadgade medlemsavgifter, &#8230; <\/p>\n<p class=\"read-more-container\"><a title=\"Stiftelsen\" class=\"read-more button\" href=\"https:\/\/demo1.billigforetagshemsida.se\/?page_id=24#more-24\" aria-label=\"L\u00e4s mer om Stiftelsen\">Read more<\/a><\/p>\n","protected":false},"author":1,"featured_media":0,"parent":0,"menu_order":0,"comment_status":"closed","ping_status":"closed","template":"","meta":{"footnotes":""},"class_list":{"0":"post-24","1":"page","2":"type-page","3":"status-publish","5":"infinite-scroll-item","6":"no-featured-image-padding"},"_links":{"self":[{"href":"https:\/\/demo1.billigforetagshemsida.se\/index.php?rest_route=\/wp\/v2\/pages\/24","targetHints":{"allow":["GET"]}}],"collection":[{"href":"https:\/\/demo1.billigforetagshemsida.se\/index.php?rest_route=\/wp\/v2\/pages"}],"about":[{"href":"https:\/\/demo1.billigforetagshemsida.se\/index.php?rest_route=\/wp\/v2\/types\/page"}],"author":[{"embeddable":true,"href":"https:\/\/demo1.billigforetagshemsida.se\/index.php?rest_route=\/wp\/v2\/users\/1"}],"replies":[{"embeddable":true,"href":"https:\/\/demo1.billigforetagshemsida.se\/index.php?rest_route=%2Fwp%2Fv2%2Fcomments&post=24"}],"version-history":[{"count":0,"href":"https:\/\/demo1.billigforetagshemsida.se\/index.php?rest_route=\/wp\/v2\/pages\/24\/revisions"}],"wp:attachment":[{"href":"https:\/\/demo1.billigforetagshemsida.se\/index.php?rest_route=%2Fwp%2Fv2%2Fmedia&parent=24"}],"curies":[{"name":"wp","href":"https:\/\/api.w.org\/{rel}","templated":true}]}}