{"id":22,"date":"2023-02-09T10:09:35","date_gmt":"2023-02-09T09:09:35","guid":{"rendered":"https:\/\/mindemosida.se\/?page_id=22"},"modified":"2023-02-09T10:09:35","modified_gmt":"2023-02-09T09:09:35","slug":"stadgar-sallskapet","status":"publish","type":"page","link":"https:\/\/demo1.billigforetagshemsida.se\/?page_id=22","title":{"rendered":"Stadgar S\u00e4llskapet"},"content":{"rendered":"<div class=\"gb-container gb-container-f5c368fa\">\n<div class=\"gb-container gb-container-0c33c2c1\">\n<div class=\"gb-container gb-container-36e85f74\">\n\n<h2 class=\"gb-headline gb-headline-056493b7 gb-headline-text\">Stadgar<\/h2>\n\n\n\n<p class=\"has-text-align-center\"><strong>Antagna i mars 2020<\/strong><\/p>\n\n\n\n<p class=\"has-text-align-center\"><strong>\u00a7 1<\/strong><\/p>\n\n\n\n<p>S\u00e4llskapet, som har sitt s\u00e4te i G\u00f6teborg, har till \u00e4ndam\u00e5l:<\/p>\n\n\n\n<p>1:o) att \u00e5stadkomma en n\u00e4rmare sammanslutning mellan S\u00e4llskapets medlemmar;<br>2:o) att genom sammanbringande av medel \u00f6verf\u00f6ra dessa till Stiftelsen Kanalflottans \u00c5ngfartygs-Bef\u00e4lhavfare S\u00e4llskaps Underst\u00f6dsfond f\u00f6r anv\u00e4ndning i enlighet med Stiftelsens stadgar;<br>3:o) att giva medlemmar r\u00e5d och upplysningar i fr\u00e5gor, som r\u00f6ra seglationen;<br>4:o) att s\u00f6ka bereda platser \u00e5t de medlemmar som d\u00e4rav \u00e4ro i behov och gjort sig f\u00f6rtj\u00e4nte;<br>5:o) att i \u00f6vrigt verka f\u00f6r sj\u00f6fartens b\u00e4sta.<\/p>\n\n\n\n<p class=\"has-text-align-center\"><strong>\u00a7 2<\/strong><\/p>\n\n\n\n<p>F\u00f6r att kunna upptagas som aktiv medlem i S\u00e4llskapet erfordras:<br>1:0) att hava god frejd och h\u00e4lsa;<br>2:0) att inval sker senast det \u00e5r s\u00f6kanden fyller 40 \u00e5r;<br>3:o) att vara bef\u00e4lhavare eller styrman p\u00e5 maskindrivet fartyg eller att hava f\u00f6rt bef\u00e4l p\u00e5 maskindrivet fartyg.<\/p>\n\n\n\n<p class=\"has-text-align-center\"><strong>\u00a7 3<\/strong><\/p>\n\n\n\n<p>Anm\u00e4lan om intr\u00e4de i S\u00e4llskapet skall ske antingen skriftligen eller muntligen genom n\u00e5gon av S\u00e4llskapets medlemmar med uppgift om intresses\u00f6kandes fullst\u00e4ndiga namn samt ort, \u00e5r och dag f\u00f6r hens f\u00f6delse \u00e4vensom hemvist och postadress.<\/p>\n\n\n\n<p class=\"has-text-align-center\"><strong>\u00a7 4<\/strong><\/p>\n\n\n\n<p>Intr\u00e4de i S\u00e4llskapet vinnes genom val p\u00e5 allm\u00e4nt sammantr\u00e4de och erfordras, f\u00f6r att s\u00f6kande skall bliva upptagen till medlem i S\u00e4llskapet, att minst \u00be av de avgivna r\u00f6sterna utfallit till hens f\u00f6rm\u00e5n. Det \u00e5ligger nyinvald medlem att genast erl\u00e4gga stadgade avgifter och \u00e4r medlem, innan detta sker, ej delaktig i S\u00e4llskapets kassa eller ber\u00e4ttigad att deltaga i S\u00e4llskapets f\u00f6rhandlingar.<\/p>\n\n\n\n<p class=\"has-text-align-center\"><strong>\u00a7 5<\/strong><\/p>\n\n\n\n<p>Till hedersledam\u00f6ter kunna, utan iakttagande av f\u00f6reskrifterna i \u00a7\u00a7 2 och 3, med den i \u00a7 4 stadgade r\u00f6st\u00f6vervikten, p\u00e5 f\u00f6rslag av styrelsen inv\u00e4ljas personer, som d\u00e4rav gjort sig f\u00f6rtj\u00e4nta.<\/p>\n\n\n\n<p class=\"has-text-align-center\"><strong>\u00a7 6<\/strong><\/p>\n\n\n\n<p>Till passiva medlemmar i S\u00e4llskapet kan styrelsen, utan iakttagande av f\u00f6reskrifterna i \u00a7\u00a7 2 och 3, inv\u00e4lja f\u00f6r S\u00e4llskapets \u00e4ndam\u00e5l intresserade personer.<\/p>\n\n\n\n<p class=\"has-text-align-center\"><strong>\u00a7 7<\/strong><\/p>\n\n\n\n<p>Varje aktiv medlem i S\u00e4llskapet erl\u00e4gger till dess kassa \u00e5rsavgift, vars storlek best\u00e4ms p\u00e5 allm\u00e4nt sammantr\u00e4de i mars m\u00e5nad. Passiv medlem erl\u00e4gger h\u00e4lften av aktiv medlems \u00e5rsavgift. Sedan medlem erlagt 25 \u00e5rsavgifter \u00e4r hen befriad fr\u00e5n ytterligare \u00e5rsavgifter. \u00c5rsavgift skall vara inbetald f\u00f6re den 1 juli. Vid senare inbetalning erl\u00e4ggs avgift med tio procents f\u00f6rh\u00f6jning.<\/p>\n\n\n\n<p>Hedersledamot \u00e4r befriad fr\u00e5n alla avgifter till S\u00e4llskapet.<\/p>\n\n\n\n<p class=\"has-text-align-center\"><strong>\u00a7 8<\/strong><\/p>\n\n\n\n<p>Medlem, som ej inom 2 \u00e5r fr\u00e5n den dag, d\u00e5 stadgad avgift senast bort erl\u00e4ggas, erlagt s\u00e5lunda f\u00f6rfallen avgift, \u00e4r utesluten ur S\u00e4llskapet och \u00e4ger ej r\u00e4tt att \u00e5terf\u00e5 n\u00e5got av det hen till S\u00e4llskapet inbetalt.<\/p>\n\n\n\n<p>Utesluten medlem kan \u00e5ter upptagas i den h\u00e4ndelse, att hen genast erl\u00e4gger den f\u00f6rsummade avgiften j\u00e4mte stadgad f\u00f6rh\u00f6jning \u00e4vensom de avgifter, vilka hen bort erl\u00e4gga, om hen varit medlem i S\u00e4llskapet den tid, under vilken hen ur detsamma varit utesluten.<\/p>\n\n\n\n<p>Skulle n\u00e5gon av S\u00e4llskapets medlemmar genom sitt uppf\u00f6rande eller p\u00e5 n\u00e5got annat s\u00e4tt skada S\u00e4llskapet kan hen efter d\u00e4rom av styrelsen p\u00e5 allm\u00e4nt sammantr\u00e4de v\u00e4ckt f\u00f6rslag uteslutas ur S\u00e4llskapet.<\/p>\n\n\n\n<p class=\"has-text-align-center\"><strong>\u00a7 9<\/strong><\/p>\n\n\n\n<p>P\u00e5 styrelsens f\u00f6rslag \u00f6verf\u00f6res hela eller del av den beh\u00e5llning som vid \u00e5rets slut kan finnas, till Stiftelsen Kanalflottans \u00c5ngfartygsBef\u00e4lhafvare S\u00e4llskaps Underst\u00f6dsfond.<\/p>\n\n\n\n<p class=\"has-text-align-center\"><strong>\u00a7 10<\/strong><\/p>\n\n\n\n<p>S\u00e4llskapet utser varje \u00e5r p\u00e5 allm\u00e4nt sammantr\u00e4de, som h\u00e5lles i januari m\u00e5nad, f\u00f6r samma kalender\u00e5r en styrelse, som handhaver S\u00e4llskapets angel\u00e4genheter och best\u00e5r av ordf\u00f6rande, vice ordf\u00f6rande och fem ledam\u00f6ter med fyra suppleanter.<\/p>\n\n\n\n<p>Till ordf\u00f6rande \u00e4r valbar vilken som helst bland S\u00e4llskapets medlemmar eller hedersledam\u00f6ter. \u00d6vriga styrelseledam\u00f6ter utses bland S\u00e4llskapets medlemmar.<\/p>\n\n\n\n<p>N\u00e4r minst tre styrelseledam\u00f6ter \u00e4r tillst\u00e4des kan styrelsens angel\u00e4genheter avhandlas och beslut fattas utom i de fall, d\u00e5 utl\u00e5ning eller placering av S\u00e4llskapets medel \u00e4r i fr\u00e5ga. I dylika fall skall minst fyra av styrelsens medlemmar vara n\u00e4rvarande och om beslutet ense.<\/p>\n\n\n\n<p>Styrelsen sammankallas av ordf\u00f6rande och vid f\u00f6rfall f\u00f6r denne vice ordf\u00f6rande. Skulle b\u00e5da vara f\u00f6rhindrade kan styrelsen sammankallas av tv\u00e5 andra styrelseledam\u00f6ter och S\u00e4llskapets sekreterare i f\u00f6rening.<\/p>\n\n\n\n<p class=\"has-text-align-center\"><strong>\u00a7 11<\/strong><\/p>\n\n\n\n<p>Hedersledamot, som \u00e4r ordf\u00f6rande, \u00e4ger deltaga i alla S\u00e4llskapets och styrelsens beslut.<\/p>\n\n\n\n<p class=\"has-text-align-center\"><strong>\u00a7 12<\/strong><\/p>\n\n\n\n<p>P\u00e5 det i \u00a7 10 omf\u00f6rm\u00e4lda sammantr\u00e4det utser S\u00e4llskapet tv\u00e5 revisorer j\u00e4mte tv\u00e5 suppleanter att granska r\u00e4kenskaperna och f\u00f6rvaltningen f\u00f6r det l\u00f6pande \u00e5ret.<\/p>\n\n\n\n<p class=\"has-text-align-center\"><strong>\u00a7 13<\/strong><\/p>\n\n\n\n<p>Styrelsen, vars medlemmar ansvara en f\u00f6r alla och alla f\u00f6r en f\u00f6r S\u00e4llskapets medel och dess r\u00e4kenskapers ordentliga f\u00f6rande, har till skyldigheter:<\/p>\n\n\n\n<p>1:o) att p\u00e5 beh\u00f6riga tider genom kallelsekort kalla samtliga S\u00e4llskapets medlemmar till sammantr\u00e4de, d\u00e4rvid iakttages, att tre ordinarie sammantr\u00e4den avh\u00e5lles varje kalender\u00e5r, ett i januari, ett i mars och ett i november m\u00e5nad. N\u00e4rhelst f\u00f6rh\u00e5llandena s\u00e5 p\u00e5fordra, \u00e4ger styrelsen r\u00e4tt att utlysa extra sammantr\u00e4de.<br>2:o) att utse sekreterare och om s\u00e5 p\u00e5fordras best\u00e4mma l\u00f6n f\u00f6r hen;<br>3:o) att bland S\u00e4llskapets aktiva eller passiva medlemmar utse kass\u00f6r;<br>4:o) att av S\u00e4llskapets medel bestrida n\u00f6diga och nyttiga kostnader f\u00f6r S\u00e4llskapet;<br>5:o) att best\u00e4mma arvode \u00e5t kass\u00f6ren, \u00e4ven om denne \u00e4r medlem av styrelsen;<br>6:o) att i allt \u00f6vrigt fullg\u00f6ra de funktioner vilka icke enligt dessa stadgar \u00e4r S\u00e4llskapet sj\u00e4lvt f\u00f6rbeh\u00e5llna eller som tillh\u00f6ra detsamma enligt sakens natur. Styrelsens medlemmar \u00e4ger ej \u00e5tnjuta arvode, utan att S\u00e4llskapet p\u00e5 allm\u00e4nt sammantr\u00e4de d\u00e4rom fattat beslut.<\/p>\n\n\n\n<p class=\"has-text-align-center\"><strong>\u00a7 14<\/strong><\/p>\n\n\n\n<p>Sekreteraren \u00e5ligger:<\/p>\n\n\n\n<p>1:o) att f\u00f6ra protokoll vid S\u00e4llskapets och styrelsens sammantr\u00e4den;<br>2:o) att p\u00e5 l\u00e4mpligt st\u00e4lle f\u00f6rvara alla ankomna skrivelser samt avskrifter av avl\u00e5tna s\u00e5dana; och<br>3:o) att vid S\u00e4llskapets och styrelsens sammantr\u00e4den tillhandah\u00e5lla ett exemplar av dessa stadgar.<\/p>\n\n\n\n<p class=\"has-text-align-center\"><strong>\u00a7 15<\/strong><\/p>\n\n\n\n<p>Kass\u00f6ren \u00e5ligger:<\/p>\n\n\n\n<p>1:o) att \u00f6ver S\u00e4llskapets medel f\u00f6ra ordentlig kassabok samt d\u00e4rj\u00e4mte dagbok \u00f6ver in- och utg\u00e5ende medel;<br>2:o) att uppr\u00e4tta skriftlig matrikel \u00f6ver S\u00e4llskapets medlemmar, vilka i densamma inf\u00f6ras var och en under sitt nummer i den ordning, hen till S\u00e4llskapet erlagt sin f\u00f6rsta avgift;<br>3:o) att vart annat \u00e5r i tillr\u00e4ckligt antal exemplar l\u00e5ta trycka matrikeln;<br>4:o) att varje \u00e5r, sedan revisionsber\u00e4ttelsen avgivits, skyndsamt l\u00e5ta trycka densamma och d\u00e4rav utdela ett exemplar till var och en bland S\u00e4llskapets medlemmar.<\/p>\n\n\n\n<p class=\"has-text-align-center\"><strong>\u00a7 16<\/strong><\/p>\n\n\n\n<p>Alla utanordningar av medel ur bank skall ske genom kass\u00f6ren och attesteras av ordf\u00f6randen eller i hens fr\u00e5nvaro av vice ordf\u00f6randen \u00e4vensom en medlem av styrelsen.<\/p>\n\n\n\n<p class=\"has-text-align-center\"><strong>\u00a7 17<\/strong><\/p>\n\n\n\n<p>Revisorerna \u00e5ligger:<\/p>\n\n\n\n<p>att noga granska r\u00e4kenskaperna f\u00f6r den tid revisionen avser och d\u00e4r\u00f6ver avgiva ber\u00e4ttelse.<\/p>\n\n\n\n<p class=\"has-text-align-center\"><strong>\u00a7 18<\/strong><\/p>\n\n\n\n<p>Vid sammantr\u00e4de, som h\u00e5lles i mars m\u00e5nad varje \u00e5r, om m\u00f6jligt den 15, d\u00e5 S\u00e4llskapet stiftades, framl\u00e4ggas styrelsens och revisorernas ber\u00e4ttelse f\u00f6r f\u00f6reg\u00e5ende \u00e5r, och beslutas d\u00e5, om ansvarsfrihet b\u00f6r beviljas styrelsen.<\/p>\n\n\n\n<p class=\"has-text-align-center\"><strong>\u00a7 19<\/strong><\/p>\n\n\n\n<p>Vid avg\u00f6rande av S\u00e4llskapets angel\u00e4genheter fattas beslut med enkel pluralitet utom vid de fr\u00e5gor, f\u00f6r vilka annat \u00e4r stadgat. Varje aktiv medlem \u00e4ger en r\u00f6st; fr\u00e5nvarande medlem kan genom fullmakt deltaga i r\u00f6stning, dock f\u00e5r medlem ej innehava fullmakt f\u00f6r mer \u00e4n en fr\u00e5nvarande.<\/p>\n\n\n\n<p class=\"has-text-align-center\"><strong>\u00a7 20<\/strong><\/p>\n\n\n\n<p>\u00c4r vid r\u00f6stning r\u00f6stantalet p\u00e5 b\u00e5da sidor lika, \u00e4ger ordf\u00f6randen utslagsr\u00f6st; vid sluten omr\u00f6stning avg\u00f6res medelst lottning. (R\u00f6rande inval se \u00a7 4.)<\/p>\n\n\n\n<p class=\"has-text-align-center\"><strong>\u00a7 21<\/strong><\/p>\n\n\n\n<p>Vid val r\u00f6stas med slutna sedlar. Beg\u00e4r n\u00e5gon \u00f6ppen omr\u00f6stning, m\u00e5 valet p\u00e5 s\u00e5dant s\u00e4tt verkst\u00e4llas, om alla n\u00e4rvarande s\u00e5 \u00f6nska.<\/p>\n\n\n\n<p class=\"has-text-align-center\"><strong>\u00a7 22<\/strong><\/p>\n\n\n\n<p>V\u00e4ckt f\u00f6rslag till \u00e4ndring av stadgarna eller uppl\u00f6sning av S\u00e4llskapet kan avg\u00f6ras f\u00f6rst sedan diskussion d\u00e4rom f\u00f6revarit p\u00e5 tv\u00e5 p\u00e5 varandra f\u00f6ljande sammantr\u00e4den, och beslut d\u00e4rom kan ej fattas f\u00f6rr\u00e4n vid det i \u00a7 18 omf\u00f6rm\u00e4lda sammantr\u00e4det. F\u00f6r s\u00e5dan \u00e4ndring eller uppl\u00f6sning fordras minst \u00be av de avgivna r\u00f6sterna.<\/p>\n\n\n\n<p>Vid S\u00e4llskapets uppl\u00f6sning, f\u00e5r S\u00e4llskapets tillg\u00e5ngar ej bland medlemmarna f\u00f6rdelas, utan skall dessa tilldelas, antingen n\u00e5gon vid sagda tidpunkt befintlig, eller n\u00e5gon f\u00f6r \u00e4ndam\u00e5let nyinr\u00e4ttad stiftelse, v\u00e4lg\u00f6renhetsinr\u00e4ttning eller fond, och skall d\u00e4rvid best\u00e4mmas, att medlen skall anv\u00e4ndas till f\u00f6rm\u00e5n f\u00f6r kanalfartens ut\u00f6vare samt att f\u00f6rutvarande medlemmar av S\u00e4llskapet eller \u00e4nkor och barn efter s\u00e5dana medlemmar skall i f\u00f6rsta rummet vara ber\u00e4ttigade till erh\u00e5llande av underst\u00f6d.<\/p>\n\n\n\n<p class=\"has-text-align-center\"><strong>\u00a7 23<\/strong><\/p>\n\n\n\n<p>Utom S\u00e4llskapet st\u00e5ende personer m\u00e5 ej erh\u00e5lla del av s\u00e5dana S\u00e4llskapets beslut, som r\u00f6ra enskild person.<\/p>\n\n<\/div>\n<\/div>\n<\/div>","protected":false},"excerpt":{"rendered":"<p>Stadgar Antagna i mars 2020 \u00a7 1 S\u00e4llskapet, som har sitt s\u00e4te i G\u00f6teborg, har till \u00e4ndam\u00e5l: 1:o) att \u00e5stadkomma &#8230; <\/p>\n<p class=\"read-more-container\"><a title=\"Stadgar S\u00e4llskapet\" class=\"read-more button\" href=\"https:\/\/demo1.billigforetagshemsida.se\/?page_id=22#more-22\" aria-label=\"L\u00e4s mer om Stadgar S\u00e4llskapet\">Read more<\/a><\/p>\n","protected":false},"author":1,"featured_media":0,"parent":0,"menu_order":0,"comment_status":"closed","ping_status":"closed","template":"","meta":{"footnotes":""},"class_list":{"0":"post-22","1":"page","2":"type-page","3":"status-publish","5":"infinite-scroll-item","6":"no-featured-image-padding"},"_links":{"self":[{"href":"https:\/\/demo1.billigforetagshemsida.se\/index.php?rest_route=\/wp\/v2\/pages\/22","targetHints":{"allow":["GET"]}}],"collection":[{"href":"https:\/\/demo1.billigforetagshemsida.se\/index.php?rest_route=\/wp\/v2\/pages"}],"about":[{"href":"https:\/\/demo1.billigforetagshemsida.se\/index.php?rest_route=\/wp\/v2\/types\/page"}],"author":[{"embeddable":true,"href":"https:\/\/demo1.billigforetagshemsida.se\/index.php?rest_route=\/wp\/v2\/users\/1"}],"replies":[{"embeddable":true,"href":"https:\/\/demo1.billigforetagshemsida.se\/index.php?rest_route=%2Fwp%2Fv2%2Fcomments&post=22"}],"version-history":[{"count":0,"href":"https:\/\/demo1.billigforetagshemsida.se\/index.php?rest_route=\/wp\/v2\/pages\/22\/revisions"}],"wp:attachment":[{"href":"https:\/\/demo1.billigforetagshemsida.se\/index.php?rest_route=%2Fwp%2Fv2%2Fmedia&parent=22"}],"curies":[{"name":"wp","href":"https:\/\/api.w.org\/{rel}","templated":true}]}}