{"id":16,"date":"2023-02-09T10:03:35","date_gmt":"2023-02-09T09:03:35","guid":{"rendered":"https:\/\/mindemosida.se\/?page_id=16"},"modified":"2023-02-09T10:03:35","modified_gmt":"2023-02-09T09:03:35","slug":"fortroendevalda","status":"publish","type":"page","link":"https:\/\/demo1.billigforetagshemsida.se\/?page_id=16","title":{"rendered":"F\u00f6rtroendevalda"},"content":{"rendered":"<div class=\"gb-container gb-container-a08c7cc3\">\n<div class=\"gb-container gb-container-088ff292\">\n<div class=\"gb-container gb-container-bd7d579a\">\n\n<figure class=\"gb-block-image gb-block-image-ce00f1f5\"><img decoding=\"async\" class=\"gb-image gb-image-ce00f1f5\" src=\"https:\/\/demo1.billigforetagshemsida.se\/wp-content\/uploads\/2024\/05\/Kanalflottan-Styrelse.png\" alt=\"\" title=\"Kanalflottan-Styrelse\"\/><\/figure>\n\n\n\n<p>Delar av styrelsen samlade ombord p\u00e5 S\/S Marieholm i samband med S\u00e4llskapets \u00e5rsm\u00f6te den 14 mars 2024<\/p>\n\n\n\n<p>St\u00e5ende, fr\u00e5n v\u00e4nster; John Nauckhoff, Christoffer Guldbrand, Per Flodberg, Mikael Hinnerson samt Johan Eriksson<\/p>\n\n\n\n<p>Sittande, fr\u00e5n v\u00e4nster; Rickard Gerle, Maria Gerle, Bertil Hammargren samt Martin Lennstr\u00f6m<\/p>\n\n<\/div>\n<\/div>\n\n<div class=\"gb-container gb-container-68c00a08\">\n\n<h3 class=\"gb-headline gb-headline-19e178a7 gb-headline-text\"><strong>S\u00e4llskapets tillika Stiftelsens styrelse f\u00f6r 2025<\/strong><\/h3>\n\n\n\n<div style=\"height:40px\" aria-hidden=\"true\" class=\"wp-block-spacer\"><\/div>\n\n\n\n<h5 class=\"gb-headline gb-headline-37f415b5 gb-headline-text\">Ordf\u00f6rande<\/h5>\n\n\n\n<p><strong>Bertil Hammargren<\/strong><br>E-post: <a href=\"mailto:ordforande@kanalflottan.se\">ordforande@kanalflottan.se<\/a><br>Tel: 0734-266414<\/p>\n\n\n\n<div style=\"height:20px\" aria-hidden=\"true\" class=\"wp-block-spacer\"><\/div>\n\n\n\n<h5 class=\"gb-headline gb-headline-3f93b646 gb-headline-text\">Vice Ordf\u00f6rande<\/h5>\n\n\n\n<p><strong>Martin Lennstr\u00f6m<\/strong><br>E-post: <a href=\"mailto:martin.lennstrom@live.se\">martin.lennstrom@live.se<\/a><\/p>\n\n\n\n<div style=\"height:20px\" aria-hidden=\"true\" class=\"wp-block-spacer\"><\/div>\n\n\n\n<h5 class=\"gb-headline gb-headline-fa5c219c gb-headline-text\">Ledamot\/Kassaf\u00f6rvaltare<\/h5>\n\n\n\n<p><strong>Rickard Gerle<\/strong><br>E-post: <a href=\"mailto:rickard.gerle@stenaline.com\">rickard.gerle@stenaline.com<\/a><\/p>\n\n\n\n<div style=\"height:20px\" aria-hidden=\"true\" class=\"wp-block-spacer\"><\/div>\n\n\n\n<h5 class=\"gb-headline gb-headline-32fe560e gb-headline-text\">Ledamot<\/h5>\n\n\n\n<p><strong>Magnus Backman<\/strong><br>E-post: <a href=\"mailto:magnus.backman@arendalshipping.se\">magnus.backman@arendalshipping.se<\/a><\/p>\n\n\n\n<div style=\"height:20px\" aria-hidden=\"true\" class=\"wp-block-spacer\"><\/div>\n\n\n\n<h5 class=\"gb-headline gb-headline-413d347f gb-headline-text\">Ledamot<\/h5>\n\n\n\n<p><strong>Magnus And\u00e5s<\/strong><br>E-post: <a href=\"mailto:magnus.andas@sjofartsverket.se\">magnus.andas@sjofartsverket.se<\/a><\/p>\n\n\n\n<div style=\"height:20px\" aria-hidden=\"true\" class=\"wp-block-spacer\"><\/div>\n\n\n\n<h5 class=\"gb-headline gb-headline-01ac5571 gb-headline-text\">Ledamot<\/h5>\n\n\n\n<p><strong>Per Flodberg<\/strong><br>E-post: <a href=\"mailto:per.flodberg@gmail.com\" data-type=\"mailto\" data-id=\"mailto:per.flodberg@gmail.com\">per.flodberg@gmail.com<\/a><\/p>\n\n\n\n<div style=\"height:20px\" aria-hidden=\"true\" class=\"wp-block-spacer\"><\/div>\n\n\n\n<h5 class=\"gb-headline gb-headline-d730e23c gb-headline-text\">Ledamot<\/h5>\n\n\n\n<p><strong>Mikael Hinnerson<\/strong><br>E-post: <a href=\"mailto:mikael.hinnerson@gmail.com\">mikael.hinnerson@gmail.com <\/a><\/p>\n\n\n\n<div style=\"height:20px\" aria-hidden=\"true\" class=\"wp-block-spacer\"><\/div>\n\n\n\n<h5 class=\"gb-headline gb-headline-794731b9 gb-headline-text\">Suppleanter<\/h5>\n\n\n\n<p>Christoffer Guldbrand<br>Michael Vejdebring<br>Markus Niklasson<br>John Nauckhoff<\/p>\n\n\n\n<div style=\"height:20px\" aria-hidden=\"true\" class=\"wp-block-spacer\"><\/div>\n\n\n\n<h5 class=\"gb-headline gb-headline-55ae7e4f gb-headline-text\">Revisor<\/h5>\n\n\n\n<p><strong>Johan Eriksson<\/strong><br>E-post: <a href=\"mailto:erikssonj@hotmail.com\">erikssonj@hotmail.com<\/a><br>Tel: 0708-152268<\/p>\n\n\n\n<div style=\"height:20px\" aria-hidden=\"true\" class=\"wp-block-spacer\"><\/div>\n\n\n\n<h5 class=\"gb-headline gb-headline-0da36d8e gb-headline-text\">Revisorssuppleant<\/h5>\n\n\n\n<p>Robert J\u00f6nsson<\/p>\n\n\n\n<div style=\"height:20px\" aria-hidden=\"true\" class=\"wp-block-spacer\"><\/div>\n\n\n\n<h5 class=\"gb-headline gb-headline-8cc513ee gb-headline-text\">Sekreterare<\/h5>\n\n\n\n<p><strong>Maria Gerle<\/strong><br>E-post: <a href=\"mailto:info@kanalflottan.se\">info@kanalflottan.se<\/a><\/p>\n\n<\/div>\n<\/div>","protected":false},"excerpt":{"rendered":"<p>Delar av styrelsen samlade ombord p\u00e5 S\/S Marieholm i samband med S\u00e4llskapets \u00e5rsm\u00f6te den 14 mars 2024 St\u00e5ende, fr\u00e5n v\u00e4nster; &#8230; <\/p>\n<p class=\"read-more-container\"><a title=\"F\u00f6rtroendevalda\" class=\"read-more button\" href=\"https:\/\/demo1.billigforetagshemsida.se\/?page_id=16#more-16\" aria-label=\"L\u00e4s mer om F\u00f6rtroendevalda\">Read more<\/a><\/p>\n","protected":false},"author":1,"featured_media":0,"parent":0,"menu_order":0,"comment_status":"closed","ping_status":"closed","template":"","meta":{"footnotes":""},"class_list":{"0":"post-16","1":"page","2":"type-page","3":"status-publish","5":"infinite-scroll-item","6":"no-featured-image-padding"},"_links":{"self":[{"href":"https:\/\/demo1.billigforetagshemsida.se\/index.php?rest_route=\/wp\/v2\/pages\/16","targetHints":{"allow":["GET"]}}],"collection":[{"href":"https:\/\/demo1.billigforetagshemsida.se\/index.php?rest_route=\/wp\/v2\/pages"}],"about":[{"href":"https:\/\/demo1.billigforetagshemsida.se\/index.php?rest_route=\/wp\/v2\/types\/page"}],"author":[{"embeddable":true,"href":"https:\/\/demo1.billigforetagshemsida.se\/index.php?rest_route=\/wp\/v2\/users\/1"}],"replies":[{"embeddable":true,"href":"https:\/\/demo1.billigforetagshemsida.se\/index.php?rest_route=%2Fwp%2Fv2%2Fcomments&post=16"}],"version-history":[{"count":0,"href":"https:\/\/demo1.billigforetagshemsida.se\/index.php?rest_route=\/wp\/v2\/pages\/16\/revisions"}],"wp:attachment":[{"href":"https:\/\/demo1.billigforetagshemsida.se\/index.php?rest_route=%2Fwp%2Fv2%2Fmedia&parent=16"}],"curies":[{"name":"wp","href":"https:\/\/api.w.org\/{rel}","templated":true}]}}